{"id":732,"date":"2020-12-01T00:01:39","date_gmt":"2020-11-30T23:01:39","guid":{"rendered":"http:\/\/etangdelaplaine.deelow.com\/?page_id=732"},"modified":"2021-12-11T10:15:41","modified_gmt":"2021-12-11T09:15:41","slug":"assemblee-generale","status":"publish","type":"page","link":"https:\/\/etangdelaplaine.deelow.com\/?page_id=732","title":{"rendered":"Assembl\u00e9e g\u00e9n\u00e9rale.."},"content":{"rendered":"<p><a href=\"https:\/\/etangdelaplaine.deelow.com\/wp-content\/uploads\/2016\/11\/DSCN2236-1024x7681-avec-filigranne.tif\">\u00a0<\/a><\/p>\n<h6><img loading=\"lazy\" class=\"size-large wp-image-6270 alignnone\" src=\"https:\/\/etangdelaplaine.deelow.com\/wp-content\/uploads\/2021\/11\/Snapshot0-1-1024x576.jpg\" alt=\"\" width=\"474\" height=\"267\" srcset=\"https:\/\/etangdelaplaine.deelow.com\/wp-content\/uploads\/2021\/11\/Snapshot0-1-1024x576.jpg 1024w, https:\/\/etangdelaplaine.deelow.com\/wp-content\/uploads\/2021\/11\/Snapshot0-1-300x169.jpg 300w, https:\/\/etangdelaplaine.deelow.com\/wp-content\/uploads\/2021\/11\/Snapshot0-1-768x432.jpg 768w, https:\/\/etangdelaplaine.deelow.com\/wp-content\/uploads\/2021\/11\/Snapshot0-1-1536x864.jpg 1536w, https:\/\/etangdelaplaine.deelow.com\/wp-content\/uploads\/2021\/11\/Snapshot0-1.jpg 1920w\" sizes=\"(max-width: 474px) 100vw, 474px\" \/><\/h6>\n<p><img loading=\"lazy\" class=\"size-full wp-image-6251 aligncenter\" src=\"https:\/\/etangdelaplaine.deelow.com\/wp-content\/uploads\/2021\/09\/emot132.gif\" alt=\"\" width=\"110\" height=\"110\" \/><\/p>\n<p><img loading=\"lazy\" class=\"alignnone size-large wp-image-6274\" src=\"https:\/\/etangdelaplaine.deelow.com\/wp-content\/uploads\/2021\/11\/Snapshot0-2-1024x576.jpg\" alt=\"\" width=\"474\" height=\"267\" srcset=\"https:\/\/etangdelaplaine.deelow.com\/wp-content\/uploads\/2021\/11\/Snapshot0-2-1024x576.jpg 1024w, https:\/\/etangdelaplaine.deelow.com\/wp-content\/uploads\/2021\/11\/Snapshot0-2-300x169.jpg 300w, https:\/\/etangdelaplaine.deelow.com\/wp-content\/uploads\/2021\/11\/Snapshot0-2-768x432.jpg 768w, https:\/\/etangdelaplaine.deelow.com\/wp-content\/uploads\/2021\/11\/Snapshot0-2-1536x864.jpg 1536w, https:\/\/etangdelaplaine.deelow.com\/wp-content\/uploads\/2021\/11\/Snapshot0-2.jpg 1920w\" sizes=\"(max-width: 474px) 100vw, 474px\" \/><\/p>\n<p><img loading=\"lazy\" class=\"size-large wp-image-6275 alignnone\" src=\"https:\/\/etangdelaplaine.deelow.com\/wp-content\/uploads\/2021\/11\/2-1024x576.jpg\" alt=\"\" width=\"474\" height=\"267\" srcset=\"https:\/\/etangdelaplaine.deelow.com\/wp-content\/uploads\/2021\/11\/2-1024x576.jpg 1024w, https:\/\/etangdelaplaine.deelow.com\/wp-content\/uploads\/2021\/11\/2-300x169.jpg 300w, https:\/\/etangdelaplaine.deelow.com\/wp-content\/uploads\/2021\/11\/2-768x432.jpg 768w, https:\/\/etangdelaplaine.deelow.com\/wp-content\/uploads\/2021\/11\/2-1536x864.jpg 1536w, https:\/\/etangdelaplaine.deelow.com\/wp-content\/uploads\/2021\/11\/2.jpg 1920w\" sizes=\"(max-width: 474px) 100vw, 474px\" \/><\/p>\n<p><img loading=\"lazy\" class=\"wp-image-6292 alignright\" src=\"https:\/\/etangdelaplaine.deelow.com\/wp-content\/uploads\/2021\/12\/DSCN4642-01-1-1024x768.jpg\" alt=\"\" width=\"476\" height=\"357\" srcset=\"https:\/\/etangdelaplaine.deelow.com\/wp-content\/uploads\/2021\/12\/DSCN4642-01-1-1024x768.jpg 1024w, https:\/\/etangdelaplaine.deelow.com\/wp-content\/uploads\/2021\/12\/DSCN4642-01-1-300x225.jpg 300w, https:\/\/etangdelaplaine.deelow.com\/wp-content\/uploads\/2021\/12\/DSCN4642-01-1-768x576.jpg 768w, https:\/\/etangdelaplaine.deelow.com\/wp-content\/uploads\/2021\/12\/DSCN4642-01-1-1536x1152.jpg 1536w, https:\/\/etangdelaplaine.deelow.com\/wp-content\/uploads\/2021\/12\/DSCN4642-01-1-2048x1536.jpg 2048w\" sizes=\"(max-width: 476px) 100vw, 476px\" \/><\/p>\n<p><img loading=\"lazy\" class=\"alignnone size-large wp-image-6276\" src=\"https:\/\/etangdelaplaine.deelow.com\/wp-content\/uploads\/2021\/11\/Snapshot3-1024x576.jpg\" alt=\"\" width=\"474\" height=\"267\" srcset=\"https:\/\/etangdelaplaine.deelow.com\/wp-content\/uploads\/2021\/11\/Snapshot3-1024x576.jpg 1024w, https:\/\/etangdelaplaine.deelow.com\/wp-content\/uploads\/2021\/11\/Snapshot3-300x169.jpg 300w, https:\/\/etangdelaplaine.deelow.com\/wp-content\/uploads\/2021\/11\/Snapshot3-768x432.jpg 768w, https:\/\/etangdelaplaine.deelow.com\/wp-content\/uploads\/2021\/11\/Snapshot3-1536x864.jpg 1536w, https:\/\/etangdelaplaine.deelow.com\/wp-content\/uploads\/2021\/11\/Snapshot3.jpg 1920w\" sizes=\"(max-width: 474px) 100vw, 474px\" \/><\/p>\n<p><img loading=\"lazy\" class=\"alignnone size-large wp-image-6283\" src=\"https:\/\/etangdelaplaine.deelow.com\/wp-content\/uploads\/2021\/11\/Gaby-1024x576.jpg\" alt=\"\" width=\"474\" height=\"267\" srcset=\"https:\/\/etangdelaplaine.deelow.com\/wp-content\/uploads\/2021\/11\/Gaby-1024x576.jpg 1024w, https:\/\/etangdelaplaine.deelow.com\/wp-content\/uploads\/2021\/11\/Gaby-300x169.jpg 300w, https:\/\/etangdelaplaine.deelow.com\/wp-content\/uploads\/2021\/11\/Gaby-768x432.jpg 768w, https:\/\/etangdelaplaine.deelow.com\/wp-content\/uploads\/2021\/11\/Gaby-1536x864.jpg 1536w, https:\/\/etangdelaplaine.deelow.com\/wp-content\/uploads\/2021\/11\/Gaby.jpg 1920w\" sizes=\"(max-width: 474px) 100vw, 474px\" \/><\/p>\n<p><img loading=\"lazy\" class=\"alignnone size-large wp-image-6278\" src=\"https:\/\/etangdelaplaine.deelow.com\/wp-content\/uploads\/2021\/11\/Snapshot6-1024x576.jpg\" alt=\"\" width=\"474\" height=\"267\" srcset=\"https:\/\/etangdelaplaine.deelow.com\/wp-content\/uploads\/2021\/11\/Snapshot6-1024x576.jpg 1024w, https:\/\/etangdelaplaine.deelow.com\/wp-content\/uploads\/2021\/11\/Snapshot6-300x169.jpg 300w, https:\/\/etangdelaplaine.deelow.com\/wp-content\/uploads\/2021\/11\/Snapshot6-768x432.jpg 768w, https:\/\/etangdelaplaine.deelow.com\/wp-content\/uploads\/2021\/11\/Snapshot6-1536x864.jpg 1536w, https:\/\/etangdelaplaine.deelow.com\/wp-content\/uploads\/2021\/11\/Snapshot6.jpg 1920w\" sizes=\"(max-width: 474px) 100vw, 474px\" \/><img loading=\"lazy\" class=\"alignnone size-large wp-image-6279\" src=\"https:\/\/etangdelaplaine.deelow.com\/wp-content\/uploads\/2021\/11\/Snapshot7-1024x576.jpg\" alt=\"\" width=\"474\" height=\"267\" srcset=\"https:\/\/etangdelaplaine.deelow.com\/wp-content\/uploads\/2021\/11\/Snapshot7-1024x576.jpg 1024w, https:\/\/etangdelaplaine.deelow.com\/wp-content\/uploads\/2021\/11\/Snapshot7-300x169.jpg 300w, https:\/\/etangdelaplaine.deelow.com\/wp-content\/uploads\/2021\/11\/Snapshot7-768x432.jpg 768w, https:\/\/etangdelaplaine.deelow.com\/wp-content\/uploads\/2021\/11\/Snapshot7-1536x864.jpg 1536w, https:\/\/etangdelaplaine.deelow.com\/wp-content\/uploads\/2021\/11\/Snapshot7.jpg 1920w\" sizes=\"(max-width: 474px) 100vw, 474px\" \/><\/p>\n<p><img loading=\"lazy\" class=\"alignnone size-large wp-image-6280\" src=\"https:\/\/etangdelaplaine.deelow.com\/wp-content\/uploads\/2021\/11\/Snapshot8-1024x576.jpg\" alt=\"\" width=\"474\" height=\"267\" srcset=\"https:\/\/etangdelaplaine.deelow.com\/wp-content\/uploads\/2021\/11\/Snapshot8-1024x576.jpg 1024w, https:\/\/etangdelaplaine.deelow.com\/wp-content\/uploads\/2021\/11\/Snapshot8-300x169.jpg 300w, https:\/\/etangdelaplaine.deelow.com\/wp-content\/uploads\/2021\/11\/Snapshot8-768x432.jpg 768w, https:\/\/etangdelaplaine.deelow.com\/wp-content\/uploads\/2021\/11\/Snapshot8-1536x864.jpg 1536w, https:\/\/etangdelaplaine.deelow.com\/wp-content\/uploads\/2021\/11\/Snapshot8.jpg 1920w\" sizes=\"(max-width: 474px) 100vw, 474px\" \/><\/p>\n<p><img loading=\"lazy\" class=\"alignnone size-large wp-image-6281\" src=\"https:\/\/etangdelaplaine.deelow.com\/wp-content\/uploads\/2021\/11\/Snapshot1-1024x576.jpg\" alt=\"\" width=\"474\" height=\"267\" srcset=\"https:\/\/etangdelaplaine.deelow.com\/wp-content\/uploads\/2021\/11\/Snapshot1-1024x576.jpg 1024w, https:\/\/etangdelaplaine.deelow.com\/wp-content\/uploads\/2021\/11\/Snapshot1-300x169.jpg 300w, https:\/\/etangdelaplaine.deelow.com\/wp-content\/uploads\/2021\/11\/Snapshot1-768x432.jpg 768w, https:\/\/etangdelaplaine.deelow.com\/wp-content\/uploads\/2021\/11\/Snapshot1-1536x864.jpg 1536w, https:\/\/etangdelaplaine.deelow.com\/wp-content\/uploads\/2021\/11\/Snapshot1.jpg 1920w\" sizes=\"(max-width: 474px) 100vw, 474px\" \/><\/p>\n<p>.<img loading=\"lazy\" class=\"wp-image-6287 aligncenter\" src=\"https:\/\/etangdelaplaine.deelow.com\/wp-content\/uploads\/2021\/11\/chasse_peche.png\" alt=\"\" width=\"179\" height=\"119\" srcset=\"https:\/\/etangdelaplaine.deelow.com\/wp-content\/uploads\/2021\/11\/chasse_peche.png 490w, https:\/\/etangdelaplaine.deelow.com\/wp-content\/uploads\/2021\/11\/chasse_peche-300x200.png 300w\" sizes=\"(max-width: 179px) 100vw, 179px\" \/><\/p>\n<p><a href=\"https:\/\/etangdelaplaine.deelow.com\/wp-content\/uploads\/2014\/12\/PB1220072-1024x768.jpg\">\u00a0<\/a><\/p>\n<p><img loading=\"lazy\" class=\"size-full wp-image-5704 aligncenter\" src=\"https:\/\/etangdelaplaine.deelow.com\/wp-content\/uploads\/2019\/11\/ag02019.png\" alt=\"\" width=\"300\" height=\"212\" \/><\/p>\n<p style=\"text-align: center;\"><span style=\"background-color: transparent; color: #b00000; font-family: Times New Roman;\">.<\/span><\/p>\n<p>.<img loading=\"lazy\" class=\"alignnone size-large wp-image-5714\" src=\"https:\/\/etangdelaplaine.deelow.com\/wp-content\/uploads\/2019\/11\/DSC00471-1024x768.jpg\" alt=\"\" width=\"474\" height=\"356\" srcset=\"https:\/\/etangdelaplaine.deelow.com\/wp-content\/uploads\/2019\/11\/DSC00471-1024x768.jpg 1024w, https:\/\/etangdelaplaine.deelow.com\/wp-content\/uploads\/2019\/11\/DSC00471-300x225.jpg 300w, https:\/\/etangdelaplaine.deelow.com\/wp-content\/uploads\/2019\/11\/DSC00471-768x576.jpg 768w\" sizes=\"(max-width: 474px) 100vw, 474px\" \/><\/p>\n<p>..<img loading=\"lazy\" class=\"alignnone size-full wp-image-5437 aligncenter\" src=\"https:\/\/etangdelaplaine.deelow.com\/wp-content\/uploads\/2018\/12\/thHCS96FAG.jpg\" alt=\"\" width=\"115\" height=\"160\" \/><a class=\"cboxElement\" href=\"http:\/\/p2.storage.canalblog.com\/25\/90\/65663\/38747031.gif\" target=\"_blank\" rel=\"noopener noreferrer\"><img loading=\"lazy\" src=\"http:\/\/p2.storage.canalblog.com\/25\/90\/65663\/38747031_p.gif\" alt=\"37560126_p\" width=\"300\" height=\"5\" border=\"0\" \/><\/a><\/p>\n<p>&nbsp;<\/p>\n<p>&nbsp;<\/p>\n<p>&nbsp;<\/p>\n<p>&nbsp;<\/p>\n<p>&nbsp;<\/p>\n<p>&nbsp;<\/p>\n<p>&nbsp;<\/p>\n<p>&nbsp;<\/p>\n<p>&nbsp;<\/p>\n<p style=\"text-align: left;\">\n","protected":false},"excerpt":{"rendered":"<p>\u00a0 . \u00a0 . . .. &nbsp; &nbsp; &nbsp; &nbsp; &nbsp; &nbsp; &nbsp; &nbsp; &nbsp;<\/p>\n","protected":false},"author":1,"featured_media":0,"parent":0,"menu_order":0,"comment_status":"open","ping_status":"open","template":"page-templates\/full-width.php","meta":{"_bbp_topic_count":0,"_bbp_reply_count":0,"_bbp_total_topic_count":0,"_bbp_total_reply_count":0,"_bbp_voice_count":0,"_bbp_anonymous_reply_count":0,"_bbp_topic_count_hidden":0,"_bbp_reply_count_hidden":0,"_bbp_forum_subforum_count":0},"_links":{"self":[{"href":"https:\/\/etangdelaplaine.deelow.com\/index.php?rest_route=\/wp\/v2\/pages\/732"}],"collection":[{"href":"https:\/\/etangdelaplaine.deelow.com\/index.php?rest_route=\/wp\/v2\/pages"}],"about":[{"href":"https:\/\/etangdelaplaine.deelow.com\/index.php?rest_route=\/wp\/v2\/types\/page"}],"author":[{"embeddable":true,"href":"https:\/\/etangdelaplaine.deelow.com\/index.php?rest_route=\/wp\/v2\/users\/1"}],"replies":[{"embeddable":true,"href":"https:\/\/etangdelaplaine.deelow.com\/index.php?rest_route=%2Fwp%2Fv2%2Fcomments&post=732"}],"version-history":[{"count":121,"href":"https:\/\/etangdelaplaine.deelow.com\/index.php?rest_route=\/wp\/v2\/pages\/732\/revisions"}],"predecessor-version":[{"id":6293,"href":"https:\/\/etangdelaplaine.deelow.com\/index.php?rest_route=\/wp\/v2\/pages\/732\/revisions\/6293"}],"wp:attachment":[{"href":"https:\/\/etangdelaplaine.deelow.com\/index.php?rest_route=%2Fwp%2Fv2%2Fmedia&parent=732"}],"curies":[{"name":"wp","href":"https:\/\/api.w.org\/{rel}","templated":true}]}}