{"id":5986,"date":"2020-11-20T17:55:59","date_gmt":"2020-11-20T16:55:59","guid":{"rendered":"http:\/\/etangdelaplaine.deelow.com\/?page_id=5986"},"modified":"2021-02-20T20:28:36","modified_gmt":"2021-02-20T19:28:36","slug":"milou","status":"publish","type":"page","link":"https:\/\/etangdelaplaine.deelow.com\/?page_id=5986","title":{"rendered":"Milou"},"content":{"rendered":"<p>.<\/p>\n<p style=\"text-align: center;\">#restons prudents.<\/p>\n<p><img loading=\"lazy\" class=\"size-large wp-image-5989 aligncenter\" src=\"https:\/\/etangdelaplaine.deelow.com\/wp-content\/uploads\/2020\/11\/cropped-cropped-image-fond-WP-2-1024x201.png\" alt=\"\" width=\"474\" height=\"93\" srcset=\"https:\/\/etangdelaplaine.deelow.com\/wp-content\/uploads\/2020\/11\/cropped-cropped-image-fond-WP-2-1024x201.png 1024w, https:\/\/etangdelaplaine.deelow.com\/wp-content\/uploads\/2020\/11\/cropped-cropped-image-fond-WP-2-300x59.png 300w, https:\/\/etangdelaplaine.deelow.com\/wp-content\/uploads\/2020\/11\/cropped-cropped-image-fond-WP-2-768x151.png 768w, https:\/\/etangdelaplaine.deelow.com\/wp-content\/uploads\/2020\/11\/cropped-cropped-image-fond-WP-2.png 1500w\" sizes=\"(max-width: 474px) 100vw, 474px\" \/><\/p>\n<p>&nbsp;<\/p>\n<p style=\"text-align: center;\"><img loading=\"lazy\" class=\"wp-image-6035 aligncenter\" src=\"https:\/\/etangdelaplaine.deelow.com\/wp-content\/uploads\/2020\/12\/milou12-2020-06-40-28.gif\" alt=\"\" width=\"205\" height=\"205\" \/><\/p>\n<h4 style=\"text-align: center;\"><span style=\"color: #008080;\"><em><strong>Le danger sanitaire et accidentel des d\u00e9jections canines.<\/strong><\/em><\/span><\/h4>\n<h3>Mare de marcher dans les excr\u00e9ments qui sont sur nos trottoirs , odeurs naus\u00e9abondes, risques de glissades, pollution visuelle avec les mouches&#8230;les d\u00e9jections provoquent un bon nombre de nuisances .<\/h3>\n<p>Les crottes de chiens sont un v\u00e9ritable pi\u00e8ge pour les pi\u00e9tons ainsi d\u2019ordre sanitaire pour les jeunes enfants dans les espaces verts.<\/p>\n<p>Les d\u00e9jections canines sont une pr\u00e9occupation r\u00e9currente pour nous tous, concernant la propret\u00e9 de l&#8217;espace public.<\/p>\n<p>Rappelons ici que les seuls coupables, ce ne sont pas les chiens, mais ceux qui sont \u00e0 l&#8217;autre bout de la laisse ! Ce sont les propri\u00e9taires ind\u00e9licats (pour rester poli).<\/p>\n<p>Les agents municipaux du service Propret\u00e9 ne sont pas l\u00e0 pour ramasser les &#8220;cadeaux&#8221; laiss\u00e9s par ceux qui manquent de respect \u00e0 l&#8217;espace public et aux autres.<\/p>\n<p>La Police Municipale ne peut pas nous non plus passer son temps \u00e0 surveiller les ma\u00eetres et leurs chiens.<\/p>\n<h5><em><strong><span style=\"color: #800080;\">oui, mais Milou respecte les espaces verts et trottoirs\u00a0 \u00e0 :<\/span><\/strong><\/em><\/h5>\n<p>&nbsp;<\/p>\n<p><img loading=\"lazy\" class=\"wp-image-6135 aligncenter\" src=\"https:\/\/etangdelaplaine.deelow.com\/wp-content\/uploads\/2021\/02\/lisleadam.jpg\" alt=\"\" width=\"312\" height=\"156\" srcset=\"https:\/\/etangdelaplaine.deelow.com\/wp-content\/uploads\/2021\/02\/lisleadam.jpg 400w, https:\/\/etangdelaplaine.deelow.com\/wp-content\/uploads\/2021\/02\/lisleadam-300x150.jpg 300w\" sizes=\"(max-width: 312px) 100vw, 312px\" \/><\/p>\n<p>&nbsp;<\/p>\n<p><img loading=\"lazy\" class=\"alignnone wp-image-5995 aligncenter\" src=\"https:\/\/etangdelaplaine.deelow.com\/wp-content\/uploads\/2020\/11\/OIP-1.jpg\" alt=\"\" width=\"125\" height=\"105\" srcset=\"https:\/\/etangdelaplaine.deelow.com\/wp-content\/uploads\/2020\/11\/OIP-1.jpg 321w, https:\/\/etangdelaplaine.deelow.com\/wp-content\/uploads\/2020\/11\/OIP-1-300x252.jpg 300w\" sizes=\"(max-width: 125px) 100vw, 125px\" \/><\/p>\n<p>.<\/p>\n<p>Et pour cause, les d\u00e9jections de nos chiens, bien qu\u2019ils soient adorables, posent de v\u00e9ritables probl\u00e8mes\u00a0:<\/p>\n<ul>\n<li><span style=\"color: #993300;\"><strong>d\u00e9gradations du cadre de vie\u00a0;<\/strong><\/span><\/li>\n<li><span style=\"color: #0000ff;\"><strong>souillures des espaces publics\u00a0;<\/strong><\/span><\/li>\n<li><span style=\"color: #ff0000;\"><strong>prolif\u00e9ration des microbes\u00a0;<\/strong><\/span><\/li>\n<li><span style=\"color: #ff00ff;\"><strong>risques de chute\u00a0;<\/strong><\/span><\/li>\n<li><strong><span style=\"color: #008000;\">co\u00fbt important du nettoyage des zones souill\u00e9es via l\u2019intervention d\u2019agents de propret\u00e9,\u00a0 balayeuses, etc..<\/span>.\u00a0 \u00a0 \u00a0 \u00a0 \u00a0 \u00a0 <\/strong><strong>\u00a0 \u00a0 \u00a0 \u00a0 \u00a0 \u00a0 \u00a0 \u00a0 \u00a0 \u00a0 \u00a0 \u00a0 \u00a0 \u00a0 \u00a0 \u00a0 \u00a0 \u00a0 \u00a0 \u00a0 \u00a0 \u00a0 \u00a0 \u00a0 \u00a0 \u00a0 \u00a0 \u00a0 \u00a0 \u00a0 \u00a0 \u00a0 \u00a0 \u00a0 \u00a0 \u00a0 \u00a0 \u00a0 \u00a0 \u00a0 \u00a0 \u00a0 \u00a0 \u00a0 \u00a0 \u00a0 \u00a0 \u00a0 \u00a0 \u00a0 \u00a0 \u00a0 \u00a0 \u00a0 \u00a0 \u00a0 \u00a0 \u00a0 \u00a0 \u00a0 \u00a0 \u00a0 \u00a0 \u00a0 \u00a0 \u00a0 \u00a0 \u00a0 \u00a0 \u00a0 \u00a0 \u00a0 \u00a0 \u00a0 \u00a0 \u00a0 \u00a0 \u00a0 \u00a0 \u00a0 \u00a0 \u00a0 \u00a0 \u00a0 \u00a0 \u00a0 \u00a0 \u00a0 \u00a0 \u00a0 \u00a0 \u00a0 \u00a0 \u00a0 \u00a0 \u00a0 \u00a0 <img loading=\"lazy\" class=\"alignnone size-full wp-image-6142\" src=\"https:\/\/etangdelaplaine.deelow.com\/wp-content\/uploads\/2021\/02\/klmpo01.jpg\" alt=\"\" width=\"276\" height=\"400\" srcset=\"https:\/\/etangdelaplaine.deelow.com\/wp-content\/uploads\/2021\/02\/klmpo01.jpg 276w, https:\/\/etangdelaplaine.deelow.com\/wp-content\/uploads\/2021\/02\/klmpo01-207x300.jpg 207w\" sizes=\"(max-width: 276px) 100vw, 276px\" \/><\/strong><strong>\u00a0\u00a0<\/strong><strong>\u00a0 \u00a0 \u00a0 \u00a0 \u00a0 \u00a0 \u00a0 \u00a0 \u00a0 \u00a0 \u00a0 \u00a0 \u00a0 \u00a0 \u00a0 \u00a0 \u00a0 \u00a0 \u00a0 \u00a0 \u00a0 \u00a0 \u00a0 \u00a0 \u00a0 \u00a0 \u00a0 \u00a0 \u00a0 \u00a0 \u00a0 \u00a0 \u00a0 \u00a0 \u00a0 \u00a0 \u00a0 \u00a0 \u00a0 \u00a0 \u00a0 \u00a0 \u00a0 \u00a0 \u00a0 \u00a0 \u00a0 \u00a0 \u00a0 \u00a0 \u00a0 \u00a0 \u00a0 \u00a0 \u00a0 \u00a0 \u00a0 \u00a0 \u00a0 \u00a0 \u00a0\u00a0<\/strong><\/li>\n<\/ul>\n<p><img loading=\"lazy\" class=\"size-full wp-image-6043 alignright\" src=\"https:\/\/etangdelaplaine.deelow.com\/wp-content\/uploads\/2020\/12\/pixiz-11-12-2020-22-57-54.gif\" alt=\"\" width=\"400\" height=\"400\" \/><\/p>\n<p>&nbsp;<\/p>\n<p>&nbsp;<\/p>\n<h3 style=\"text-align: center;\"><em><span style=\"color: #800080;\"><strong><img loading=\"lazy\" class=\"alignnone size-full wp-image-6018\" src=\"https:\/\/etangdelaplaine.deelow.com\/wp-content\/uploads\/2020\/11\/fleche_239.gif\" alt=\"\" width=\"85\" height=\"25\" \/>\u00a0sur le site de la mairie de la ville de:<\/strong><\/span><\/em><\/h3>\n<p><img loading=\"lazy\" class=\"size-full wp-image-6135 aligncenter\" src=\"https:\/\/etangdelaplaine.deelow.com\/wp-content\/uploads\/2021\/02\/lisleadam.jpg\" alt=\"\" width=\"400\" height=\"200\" srcset=\"https:\/\/etangdelaplaine.deelow.com\/wp-content\/uploads\/2021\/02\/lisleadam.jpg 400w, https:\/\/etangdelaplaine.deelow.com\/wp-content\/uploads\/2021\/02\/lisleadam-300x150.jpg 300w\" sizes=\"(max-width: 400px) 100vw, 400px\" \/><\/p>\n<p><a href=\"https:\/\/www.ville-isle-adam.fr\/la-proprete-urbaine\">La propret\u00e9 urbaine | L&#8217;Isle-Adam (ville-isle-adam.fr)<\/a><\/p>\n<p>&nbsp;<\/p>\n<h3>Aboiements<\/h3>\n<p>Les propri\u00e9taires de chiens doivent prendre les mesures n\u00e9cessaires de nuit comme de jour pour \u00e9viter leurs aboiements, s\u2019ils sont excessifs (la nuit et le jour), ceux-l\u00e0 pouvant \u00eatre consid\u00e9r\u00e9s<br \/>\ncomme des troubles anormaux de voisinage. Le propri\u00e9taire du chien peut \u00eatre d\u00e9clar\u00e9 responsable de la g\u00eane occasionn\u00e9e.<br \/>\nUn d\u00e9cret en date du 31 ao\u00fbt 2006 du code de la sant\u00e9 publique, indique qu\u2019 \u00ab aucun bruit ne doit, par sa dur\u00e9e, sa r\u00e9p\u00e9tition ou son intensit\u00e9, porter atteinte \u00e0 la tranquillit\u00e9 du voisinage\u2026 dans un lieu public ou priv\u00e9 \u00bb.<\/p>\n<p><strong>Le saviez-vous ?<\/strong><br \/>\nLe constat par les agents asserment\u00e9s de la nuisance occasionn\u00e9e ne n\u00e9cessite aucune mesure acoustique, une constatation auditive suffit.<\/p>\n<h3>La propret\u00e9 canine<\/h3>\n<p>Avoir un animal, l\u2019aimer, c\u2019est aussi l\u2019\u00e9duquer et accepter de respecter quelques r\u00e8gles de vie commune : ne pas salir les trottoirs, garder des espaces verts o\u00f9 les enfants peuvent jouer sans craindre \u00ab les crottes de chiens \u00bb&#8230; Chacun peut participer \u00e0 l\u2019effort de propret\u00e9 en utilisant les corbeilles. Des distributeurs de sacs sont \u00e0 votre disposition, mais n\u2019importe quel sachet plastique peut convenir ; en pr\u00e9voir un dans sa poche d\u00e8s le d\u00e9part en promenade.<\/p>\n<p><strong>Le saviez-vous ?<\/strong>\u00a0: Le r\u00e8glement sanitaire du Val-d\u2019Oise souligne que les besoins naturels des animaux ne peuvent \u00eatre accomplis que dans le caniveau et les d\u00e9jections doivent \u00eatre ramass\u00e9es sous peine d\u2019un proc\u00e8s-verbal. Le non-respect est passible d\u2019une contravention de 1\u00e8re classe, d\u2019un montant de 35 euros, fix\u00e9 par un arr\u00eat\u00e9 municipal datant de 2004.<\/p>\n<p><a href=\"https:\/\/www.ville-isle-adam.fr\/la-proprete-urbaine\">\u00a0 La propret\u00e9 urbaine | L&#8217;Isle-Adam (ville-isle-adam.fr)<\/a><\/p>\n<p>&nbsp;<\/p>\n<p>&nbsp;<\/p>\n<p>&nbsp;<\/p>\n","protected":false},"excerpt":{"rendered":"<p>. #restons prudents. &nbsp; Le danger sanitaire et accidentel des d\u00e9jections canines. Mare de marcher dans les excr\u00e9ments qui sont sur nos trottoirs , odeurs naus\u00e9abondes, risques de glissades, pollution visuelle avec les mouches&#8230;les d\u00e9jections provoquent un bon nombre de nuisances . Les crottes de chiens sont un v\u00e9ritable pi\u00e8ge pour les pi\u00e9tons ainsi d\u2019ordre &hellip; <a href=\"https:\/\/etangdelaplaine.deelow.com\/?page_id=5986\" class=\"more-link\">Continuer la lecture de <span class=\"screen-reader-text\">Milou<\/span>  <span class=\"meta-nav\">&rarr;<\/span><\/a><\/p>\n","protected":false},"author":1,"featured_media":0,"parent":0,"menu_order":0,"comment_status":"closed","ping_status":"closed","template":"","meta":{"_bbp_topic_count":0,"_bbp_reply_count":0,"_bbp_total_topic_count":0,"_bbp_total_reply_count":0,"_bbp_voice_count":0,"_bbp_anonymous_reply_count":0,"_bbp_topic_count_hidden":0,"_bbp_reply_count_hidden":0,"_bbp_forum_subforum_count":0},"_links":{"self":[{"href":"https:\/\/etangdelaplaine.deelow.com\/index.php?rest_route=\/wp\/v2\/pages\/5986"}],"collection":[{"href":"https:\/\/etangdelaplaine.deelow.com\/index.php?rest_route=\/wp\/v2\/pages"}],"about":[{"href":"https:\/\/etangdelaplaine.deelow.com\/index.php?rest_route=\/wp\/v2\/types\/page"}],"author":[{"embeddable":true,"href":"https:\/\/etangdelaplaine.deelow.com\/index.php?rest_route=\/wp\/v2\/users\/1"}],"replies":[{"embeddable":true,"href":"https:\/\/etangdelaplaine.deelow.com\/index.php?rest_route=%2Fwp%2Fv2%2Fcomments&post=5986"}],"version-history":[{"count":45,"href":"https:\/\/etangdelaplaine.deelow.com\/index.php?rest_route=\/wp\/v2\/pages\/5986\/revisions"}],"predecessor-version":[{"id":6144,"href":"https:\/\/etangdelaplaine.deelow.com\/index.php?rest_route=\/wp\/v2\/pages\/5986\/revisions\/6144"}],"wp:attachment":[{"href":"https:\/\/etangdelaplaine.deelow.com\/index.php?rest_route=%2Fwp%2Fv2%2Fmedia&parent=5986"}],"curies":[{"name":"wp","href":"https:\/\/api.w.org\/{rel}","templated":true}]}}