{"id":5508,"date":"2026-04-01T00:00:58","date_gmt":"2026-03-31T22:00:58","guid":{"rendered":"http:\/\/etangdelaplaine.deelow.com\/?page_id=5508"},"modified":"2026-04-02T09:23:08","modified_gmt":"2026-04-02T07:23:08","slug":"accueil","status":"publish","type":"page","link":"https:\/\/etangdelaplaine.deelow.com\/","title":{"rendered":"Accueil"},"content":{"rendered":"<p>&nbsp;<\/p>\n<p>&nbsp;<\/p>\n<p><img class=\"width300 rightalign aligncenter\" src=\"http:\/\/p6.storage.canalblog.com\/68\/73\/190136\/98083072.gif\" alt=\"sbinvenue_838\" border=\"0\" \/><\/p>\n<p>&nbsp;<\/p>\n<p>&nbsp;<\/p>\n<p>&nbsp;<\/p>\n<div class=\" gs_sup_cit gs_sup_cit1\" data-priority=\"2\" data-hover-id=\"1\">\n<div class=\"gs_sm_cit\" tabindex=\"-1\" role=\"button\" aria-label=\"4 citations\">\n<div class=\"gs_sm_cit_dom\" data-friendly-url=\"www.calendriergratuit.fr\" data-sups=\"1,2,3,4\"><\/div>\n<\/div>\n<\/div>\n<p><img loading=\"lazy\" class=\"alignnone size-full wp-image-6594 aligncenter\" src=\"https:\/\/etangdelaplaine.deelow.com\/wp-content\/uploads\/2025\/05\/OIP.jpg\" alt=\"\" width=\"270\" height=\"324\" srcset=\"https:\/\/etangdelaplaine.deelow.com\/wp-content\/uploads\/2025\/05\/OIP.jpg 270w, https:\/\/etangdelaplaine.deelow.com\/wp-content\/uploads\/2025\/05\/OIP-250x300.jpg 250w\" sizes=\"(max-width: 270px) 100vw, 270px\" \/><\/p>\n<p><!--more-->Les esp\u00e8ces pr\u00e9sentes sont vari\u00e9es. Elles font l\u2019objet d\u2019un suivi par l\u2019Association qui g\u00e8re au mieux le cheptel piscicole des \u00e9tangs. Une taille minimale de capture est impos\u00e9e pour certains poissons et de remise \u00e0 l\u2019eau obligatoirement . <strong>Poissons <\/strong><strong>:<\/strong> Gardon, Rotengle, Br\u00e8me, Tanche, Carassin, Gr\u00e9mille. Brochet, Perche, Sandre. Carpes Commune, Miroir, Amour Blanc et quelques Esturgeons. <strong><em>Silure<\/em><\/strong> : Des introductions clandestines font que le poisson se reproduit depuis quelques ann\u00e9es, sa remise \u00e0 l\u2019eau n\u2019est pas conseill\u00e9e. Vous pouvez le consommer il est tr\u00e8s bon.<\/p>\n<p>&nbsp;<\/p>\n<p><a href=\"http:\/\/p3.storage.canalblog.com\/36\/44\/190136\/95270467_o.jpg\" target=\"_blank\" rel=\"noopener noreferrer\" name=\"IMG_95270467\"><\/a><\/p>\n<p><img class=\"nonealign width300 aligncenter\" src=\"http:\/\/p9.storage.canalblog.com\/91\/88\/190136\/96473909.gif\" alt=\"especes-de-poisson\" border=\"0\" \/><\/p>\n<p><a class=\"cboxElement\" href=\"http:\/\/p9.storage.canalblog.com\/92\/91\/190136\/96473939_o.jpg\" target=\"_blank\" rel=\"noopener noreferrer\" name=\"IMG_96473939\"><img class=\"widthadapted nonealign aligncenter\" src=\"http:\/\/p9.storage.canalblog.com\/92\/91\/190136\/96473939.jpg\" alt=\"th93CG90NY\" border=\"0\" \/><\/a><\/p>\n<p style=\"text-align: center;\">Plomb\u00e9e entre 0,4 &amp; 2 grammes.<\/p>\n<h2 class=\"titreParag fp_ni\"><img loading=\"lazy\" class=\"alignnone size-full wp-image-3645 aligncenter\" src=\"https:\/\/etangdelaplaine.deelow.com\/wp-content\/uploads\/2016\/07\/27270.gif\" alt=\"\" width=\"33\" height=\"65\" \/><\/h2>\n<h6><strong>GARDONS :<\/strong><\/h6>\n<p><a class=\"cboxElement\" href=\"https:\/\/etangdelaplaine.deelow.com\/wp-content\/uploads\/2014\/11\/gzrdon10.gif\"><img loading=\"lazy\" class=\"alignnone wp-image-408\" src=\"https:\/\/etangdelaplaine.deelow.com\/wp-content\/uploads\/2014\/11\/gzrdon10-300x169.gif\" alt=\"gzrdon10\" width=\"204\" height=\"115\" border=\"0\" \/><\/a><\/p>\n<p>C\u2019est un poisson qui reste actif, m\u00eame dans les eaux froides, Pour autant, le gardon est tr\u00e8s sensible aux changements brutaux de temp\u00e9rature et peut s\u2019arr\u00eater soudainement de s\u2019alimenter pour quelques jours. Gardez toujours l\u2019id\u00e9e que le gardon n\u2019est pas un poisson de fond. Il n\u2019h\u00e9site pas \u00e0 monter entre deux eaux si le soleil r\u00e9chauffe les couches d\u2019eau sup\u00e9rieures.<\/p>\n<p><!-- x-tinymce\/html --><img loading=\"lazy\" class=\"alignnone size-full wp-image-3645 aligncenter\" src=\"https:\/\/etangdelaplaine.deelow.com\/wp-content\/uploads\/2016\/07\/27270.gif\" alt=\"\" width=\"33\" height=\"65\" \/><\/p>\n<div id=\"titre-parag-2\" class=\"contenu\">\n<div class=\"cadreParag fp\">\n<div><\/div>\n<div class=\"paragTexte\">\n<h6><strong>PERCHE :<\/strong><\/h6>\n<p><a class=\"cboxElement\" href=\"https:\/\/etangdelaplaine.deelow.com\/wp-content\/uploads\/2014\/11\/perche11.gif\"><img loading=\"lazy\" class=\"alignnone wp-image-409\" src=\"https:\/\/etangdelaplaine.deelow.com\/wp-content\/uploads\/2014\/11\/perche11-300x158.gif\" alt=\"perche11\" width=\"201\" height=\"106\" border=\"0\" \/><\/a><\/p>\n<p>La perche est non seulement un magnifique poisson combatif, mais il est aussi souvent le seul a mordre quand tous les autres poissons restent la gueule ferm\u00e9e. .<\/p>\n<p><img loading=\"lazy\" class=\"alignnone size-full wp-image-3645 aligncenter\" src=\"https:\/\/etangdelaplaine.deelow.com\/wp-content\/uploads\/2016\/07\/27270.gif\" alt=\"\" width=\"33\" height=\"65\" \/><\/p>\n<\/div>\n<div class=\"paragTexte\">\n<p>TANCHE:<\/p>\n<p><a class=\"cboxElement\" href=\"https:\/\/etangdelaplaine.deelow.com\/wp-content\/uploads\/2014\/11\/tanche1.jpg\"><img loading=\"lazy\" class=\"alignnone wp-image-529 \" src=\"https:\/\/etangdelaplaine.deelow.com\/wp-content\/uploads\/2014\/11\/tanche1.jpg\" alt=\"tanche\" width=\"248\" height=\"109\" border=\"0\" srcset=\"https:\/\/etangdelaplaine.deelow.com\/wp-content\/uploads\/2014\/11\/tanche1.jpg 400w, https:\/\/etangdelaplaine.deelow.com\/wp-content\/uploads\/2014\/11\/tanche1-300x132.jpg 300w\" sizes=\"(max-width: 248px) 100vw, 248px\" \/><\/a><\/p>\n<p>La tanche fr\u00e9quente les cours d\u2019eau lents et les \u00e9tangs peu profonds \u00e0 la v\u00e9g\u00e9tation abondante. La tanche est un poisson tr\u00e8s farouche qui a tendance \u00e0 d\u00e9serter au moindre bruit. La p\u00e9riode de reproduction est situ\u00e9e entre les mois de mai et de juillet. Les oeufs (250 000 \u00e0 800 000 par femelle), fix\u00e9s \u00e0 la v\u00e9g\u00e9tation, incubent 5 \u00e0 8 jours selon la temp\u00e9rature. C\u2019est un poisson solitaire et actif \u00e0 la tomb\u00e9e de la nuit.<\/p>\n<p><img loading=\"lazy\" class=\"alignnone size-full wp-image-3645 aligncenter\" src=\"https:\/\/etangdelaplaine.deelow.com\/wp-content\/uploads\/2016\/07\/27270.gif\" alt=\"\" width=\"33\" height=\"65\" \/><\/p>\n<p>CARASSIN:<\/p>\n<p><a class=\"cboxElement\" href=\"https:\/\/etangdelaplaine.deelow.com\/wp-content\/uploads\/2014\/11\/01carassin_poisson_gauche.jpg\"><img loading=\"lazy\" class=\"alignnone wp-image-538\" src=\"https:\/\/etangdelaplaine.deelow.com\/wp-content\/uploads\/2014\/11\/01carassin_poisson_gauche-300x164.jpg\" alt=\"01carassin_poisson_gauche\" width=\"243\" height=\"133\" border=\"0\" srcset=\"https:\/\/etangdelaplaine.deelow.com\/wp-content\/uploads\/2014\/11\/01carassin_poisson_gauche-300x164.jpg 300w, https:\/\/etangdelaplaine.deelow.com\/wp-content\/uploads\/2014\/11\/01carassin_poisson_gauche.jpg 496w\" sizes=\"(max-width: 243px) 100vw, 243px\" \/><\/a><\/p>\n<p>Int\u00e9ressante p\u00eache au coup dans les pi\u00e8ces d\u2019eau o\u00f9 il est pr\u00e9sent. Tr\u00e8s combatif. Esches : vers de vase, asticots.<\/p>\n<p><img loading=\"lazy\" class=\"alignnone size-full wp-image-3645 aligncenter\" src=\"https:\/\/etangdelaplaine.deelow.com\/wp-content\/uploads\/2016\/07\/27270.gif\" alt=\"\" width=\"33\" height=\"65\" \/><\/p>\n<p>BROCHET: <a class=\"cboxElement\" href=\"https:\/\/etangdelaplaine.deelow.com\/wp-content\/uploads\/2014\/11\/01Image1.jpg\"><img loading=\"lazy\" class=\"alignnone wp-image-541\" src=\"https:\/\/etangdelaplaine.deelow.com\/wp-content\/uploads\/2014\/11\/01Image1-300x140.jpg\" alt=\"01Image1\" width=\"197\" height=\"92\" border=\"0\" srcset=\"https:\/\/etangdelaplaine.deelow.com\/wp-content\/uploads\/2014\/11\/01Image1-300x140.jpg 300w, https:\/\/etangdelaplaine.deelow.com\/wp-content\/uploads\/2014\/11\/01Image1.jpg 520w\" sizes=\"(max-width: 197px) 100vw, 197px\" \/><\/a><\/p>\n<p>La p\u00eache au vif est certainement la plus r\u00e9pandue mais ce carnassier c\u00e9l\u00e8bre peut-\u00eatre \u00e9galement captur\u00e9 au \u00ab poisson mort mani\u00e9 \u00bb, au lancer et a la mouche.! .<\/p>\n<p><img loading=\"lazy\" class=\"alignnone size-full wp-image-3645 aligncenter\" src=\"https:\/\/etangdelaplaine.deelow.com\/wp-content\/uploads\/2016\/07\/27270.gif\" alt=\"\" width=\"33\" height=\"65\" \/><\/p>\n<p>BREME:<\/p>\n<p><a class=\"cboxElement\" href=\"https:\/\/etangdelaplaine.deelow.com\/wp-content\/uploads\/2014\/11\/01breme_poisso.jpg\"><img loading=\"lazy\" class=\"alignnone wp-image-550\" src=\"https:\/\/etangdelaplaine.deelow.com\/wp-content\/uploads\/2014\/11\/01breme_poisso-300x161.jpg\" alt=\"01breme_poisso\" width=\"222\" height=\"119\" border=\"0\" srcset=\"https:\/\/etangdelaplaine.deelow.com\/wp-content\/uploads\/2014\/11\/01breme_poisso-300x161.jpg 300w, https:\/\/etangdelaplaine.deelow.com\/wp-content\/uploads\/2014\/11\/01breme_poisso.jpg 499w\" sizes=\"(max-width: 222px) 100vw, 222px\" \/><\/a><\/p>\n<p>Elle se p\u00eache au coup (ligne l\u00e9g\u00e8re) en mordant \u00e0 de nombreuses esches v\u00e9g\u00e9tales et animales. Elle craint le bruit, l\u2019agitation et est souvent longue \u00e0 engamer. D\u00e9fense peu violente.<\/p>\n<p><img loading=\"lazy\" class=\"alignnone size-full wp-image-3645 aligncenter\" src=\"https:\/\/etangdelaplaine.deelow.com\/wp-content\/uploads\/2016\/07\/27270.gif\" alt=\"\" width=\"33\" height=\"65\" \/><\/p>\n<p>GREMILLE:<\/p>\n<p><a class=\"cboxElement\" href=\"https:\/\/etangdelaplaine.deelow.com\/wp-content\/uploads\/2014\/11\/01gremille_01-e1416337066363.jpg\"><img loading=\"lazy\" class=\"alignnone wp-image-578\" src=\"https:\/\/etangdelaplaine.deelow.com\/wp-content\/uploads\/2014\/11\/01gremille_01-300x153.jpg\" alt=\"01gremille_01\" width=\"167\" height=\"85\" border=\"0\" \/><\/a><\/p>\n<p>Elle se capture sur des lignes destin\u00e9es au gardon et au goujon. La gr\u00e9mille ne mord que sur des esches animales et se nourrit essentiellement au fond.<\/p>\n<p><img loading=\"lazy\" class=\"alignnone size-full wp-image-3645 aligncenter\" src=\"https:\/\/etangdelaplaine.deelow.com\/wp-content\/uploads\/2016\/07\/27270.gif\" alt=\"\" width=\"33\" height=\"65\" \/><\/p>\n<p>LE SANDRE : <a class=\"cboxElement\" href=\"https:\/\/etangdelaplaine.deelow.com\/wp-content\/uploads\/2014\/11\/01sandre_poisson.jpg\"><img loading=\"lazy\" class=\"alignnone wp-image-589\" src=\"https:\/\/etangdelaplaine.deelow.com\/wp-content\/uploads\/2014\/11\/01sandre_poisson-300x130.jpg\" alt=\"01sandre_poisson\" width=\"226\" height=\"98\" border=\"0\" srcset=\"https:\/\/etangdelaplaine.deelow.com\/wp-content\/uploads\/2014\/11\/01sandre_poisson-300x130.jpg 300w, https:\/\/etangdelaplaine.deelow.com\/wp-content\/uploads\/2014\/11\/01sandre_poisson.jpg 500w\" sizes=\"(max-width: 226px) 100vw, 226px\" \/><\/a> .. Du fait de la rar\u00e9faction du brochet, il devient un carnassier de plus en plus recherch\u00e9. Mais les techniques de p\u00eache du sandre ne sont pas \u00e9quivalentes \u00e0 celles employ\u00e9es pour le brochet. Il pr\u00e9f\u00e8re des vifs de petites tailles et il mord aux poissons morts reposant sur le fond. Il ne coupe pas le nylon avec sa dentition et permet l\u2019usage de lignes sans avan\u00e7ons d\u2019acier. D\u00e9fense peu vigoureuse.<\/p>\n<p><img loading=\"lazy\" class=\"alignnone size-full wp-image-3645 aligncenter\" src=\"https:\/\/etangdelaplaine.deelow.com\/wp-content\/uploads\/2016\/07\/27270.gif\" alt=\"\" width=\"33\" height=\"65\" \/>LA CARPE : <a class=\"cboxElement\" href=\"https:\/\/etangdelaplaine.deelow.com\/wp-content\/uploads\/2014\/11\/01carpe-commune.jpg\"><img loading=\"lazy\" class=\"alignnone wp-image-600\" src=\"https:\/\/etangdelaplaine.deelow.com\/wp-content\/uploads\/2014\/11\/01carpe-commune-300x145.jpg\" alt=\"01carpe%20commune\" width=\"189\" height=\"91\" border=\"0\" srcset=\"https:\/\/etangdelaplaine.deelow.com\/wp-content\/uploads\/2014\/11\/01carpe-commune-300x145.jpg 300w, https:\/\/etangdelaplaine.deelow.com\/wp-content\/uploads\/2014\/11\/01carpe-commune-1024x498.jpg 1024w, https:\/\/etangdelaplaine.deelow.com\/wp-content\/uploads\/2014\/11\/01carpe-commune-1038x508.jpg 1038w, https:\/\/etangdelaplaine.deelow.com\/wp-content\/uploads\/2014\/11\/01carpe-commune.jpg 1044w\" sizes=\"(max-width: 189px) 100vw, 189px\" \/><\/a><\/p>\n<p>Poisson tr\u00e8s m\u00e9fiant. C\u2019est devenu de plus en plus l\u2019affaire de sp\u00e9cialistes (les carpistes). Sa p\u00eache n\u00e9cessite une longue exp\u00e9rience et des principes tr\u00e8s s\u00e9rieux.<\/p>\n<p><img loading=\"lazy\" class=\"alignnone size-full wp-image-3645 aligncenter\" src=\"https:\/\/etangdelaplaine.deelow.com\/wp-content\/uploads\/2016\/07\/27270.gif\" alt=\"\" width=\"33\" height=\"65\" \/><\/p>\n<\/div>\n<\/div>\n<p>&nbsp;<\/p>\n<div class=\"cadreParag fp\">\n<div class=\"paragTexte\">\n<p><a class=\"cboxElement\" href=\"https:\/\/etangdelaplaine.deelow.com\/wp-content\/uploads\/2014\/10\/ligne_1_0661.gif\"><br \/>\n<img loading=\"lazy\" class=\"size-medium wp-image-141 aligncenter\" src=\"https:\/\/etangdelaplaine.deelow.com\/wp-content\/uploads\/2014\/10\/ligne_1_0661-300x5.gif\" alt=\"ligne_1_066\" width=\"300\" height=\"5\" border=\"0\" \/><\/a><\/p>\n<h3><\/h3>\n<h3><strong><em>Les tulipes de scion.<\/em><\/strong><\/h3>\n<h4><em>Les tulipes de scion sont en t\u00e9flon mat\u00e9riau tr\u00e8s difficile coller, il est pr\u00e9f\u00e9rable de ne pas chercher \u00e0 les coller. Couper le bout du scion petit \u00e0 petit jusqu\u2019\u00e0 ce que la tulipe entre en force.<\/em><\/h4>\n<p style=\"text-align: center;\"><a class=\"cboxElement\" href=\"https:\/\/etangdelaplaine.deelow.com\/wp-content\/uploads\/2014\/10\/ligne_1_0661.gif\"><img loading=\"lazy\" class=\"alignnone size-medium wp-image-141\" src=\"https:\/\/etangdelaplaine.deelow.com\/wp-content\/uploads\/2014\/10\/ligne_1_0661-300x5.gif\" alt=\"ligne_1_066\" width=\"300\" height=\"5\" border=\"0\" \/><\/a><\/p>\n<\/div>\n<\/div>\n<\/div>\n<p><img loading=\"lazy\" class=\"alignnone wp-image-4972\" src=\"https:\/\/etangdelaplaine.deelow.com\/wp-content\/uploads\/2018\/03\/danielvoussalutbien-1024x200.jpg\" alt=\"\" width=\"351\" height=\"68\" srcset=\"https:\/\/etangdelaplaine.deelow.com\/wp-content\/uploads\/2018\/03\/danielvoussalutbien.jpg 1024w, https:\/\/etangdelaplaine.deelow.com\/wp-content\/uploads\/2018\/03\/danielvoussalutbien-300x59.jpg 300w, https:\/\/etangdelaplaine.deelow.com\/wp-content\/uploads\/2018\/03\/danielvoussalutbien-768x150.jpg 768w\" sizes=\"(max-width: 351px) 100vw, 351px\" \/><img loading=\"lazy\" class=\"wp-image-3499 size-full alignright\" src=\"https:\/\/etangdelaplaine.deelow.com\/wp-content\/uploads\/2016\/05\/n3zk7s7z.gif\" alt=\"\" width=\"96\" height=\"89\" \/><\/p>\n<div id=\"titre-parag-2\" class=\"contenu\">\n<div class=\"cadreParag fp\">\n<div class=\"paragTexte\">\n<h4><\/h4>\n<\/div>\n<\/div>\n<\/div>\n","protected":false},"excerpt":{"rendered":"<p>&nbsp; &nbsp; &nbsp; &nbsp; &nbsp;<\/p>\n","protected":false},"author":1,"featured_media":0,"parent":0,"menu_order":0,"comment_status":"closed","ping_status":"closed","template":"","meta":{"_bbp_topic_count":0,"_bbp_reply_count":0,"_bbp_total_topic_count":0,"_bbp_total_reply_count":0,"_bbp_voice_count":0,"_bbp_anonymous_reply_count":0,"_bbp_topic_count_hidden":0,"_bbp_reply_count_hidden":0,"_bbp_forum_subforum_count":0},"_links":{"self":[{"href":"https:\/\/etangdelaplaine.deelow.com\/index.php?rest_route=\/wp\/v2\/pages\/5508"}],"collection":[{"href":"https:\/\/etangdelaplaine.deelow.com\/index.php?rest_route=\/wp\/v2\/pages"}],"about":[{"href":"https:\/\/etangdelaplaine.deelow.com\/index.php?rest_route=\/wp\/v2\/types\/page"}],"author":[{"embeddable":true,"href":"https:\/\/etangdelaplaine.deelow.com\/index.php?rest_route=\/wp\/v2\/users\/1"}],"replies":[{"embeddable":true,"href":"https:\/\/etangdelaplaine.deelow.com\/index.php?rest_route=%2Fwp%2Fv2%2Fcomments&post=5508"}],"version-history":[{"count":102,"href":"https:\/\/etangdelaplaine.deelow.com\/index.php?rest_route=\/wp\/v2\/pages\/5508\/revisions"}],"predecessor-version":[{"id":6631,"href":"https:\/\/etangdelaplaine.deelow.com\/index.php?rest_route=\/wp\/v2\/pages\/5508\/revisions\/6631"}],"wp:attachment":[{"href":"https:\/\/etangdelaplaine.deelow.com\/index.php?rest_route=%2Fwp%2Fv2%2Fmedia&parent=5508"}],"curies":[{"name":"wp","href":"https:\/\/api.w.org\/{rel}","templated":true}]}}